{"id":27,"date":"2021-12-28T13:28:44","date_gmt":"2021-12-28T13:28:44","guid":{"rendered":"https:\/\/wp.esmero.de\/?page_id=27"},"modified":"2025-03-25T13:36:38","modified_gmt":"2025-03-25T13:36:38","slug":"kontakt","status":"publish","type":"page","link":"https:\/\/esmero.de\/en\/kontakt\/","title":{"rendered":"Kontakt"},"content":{"rendered":"<section class=\"l-section wpb_row height_medium color_primary with_img\"><div class=\"l-section-img\" role=\"img\" aria-label=\"Image\" data-img-width=\"2500\" data-img-height=\"2500\" style=\"background-image: url(https:\/\/esmero.de\/wp-content\/uploads\/2021\/12\/Polygone-blau.png);\"><\/div><div class=\"l-section-overlay\" style=\"background:rgba(10,10,10,0.35)\"><\/div><div class=\"l-section-h i-cf\"><div class=\"g-cols vc_row via_flex valign_top type_default stacking_default\"><div class=\"vc_col-sm-12 wpb_column vc_column_container\"><div class=\"vc_column-inner\"><div class=\"wpb_wrapper\"><div class=\"wpb_text_column\"><div class=\"wpb_wrapper\"><h1 style=\"text-align: center;\">Kontakt<\/h1>\n<p style=\"text-align: center;\">Wollen Sie mit uns pers\u00f6nlich in Kontakt treten oder uns vor Ort besuchen, dann stehen wir Ihnen jederzeit gern zur Verf\u00fcgung.<\/p>\n<\/div><\/div><div class=\"w-separator size_small\"><\/div><div class=\"w-iconbox iconpos_top style_default color_custom align_center no_text no_title\"><div class=\"w-iconbox-icon\" style=\"font-size:2rem;\"><i class=\"far fa-chevron-down\"><\/i><\/div><div class=\"w-iconbox-meta\"><\/div><\/div><\/div><\/div><\/div><\/div><\/div><\/section><section class=\"l-section wpb_row height_medium\"><div class=\"l-section-h i-cf\"><div class=\"g-cols vc_row via_flex valign_top type_default stacking_default\"><div class=\"vc_col-sm-6 wpb_column vc_column_container\"><div class=\"vc_column-inner\"><div class=\"wpb_wrapper\"><div class=\"w-iconbox iconpos_left style_circle color_primary align_left no_text\"><a href=\"mailto:info@esmero.de\" class=\"w-iconbox-link\" aria-label=\"info@esmero.de\"><div class=\"w-iconbox-icon\" style=\"font-size:22px;\"><i class=\"fas fa-envelope\"><\/i><\/div><\/a><div class=\"w-iconbox-meta\"><h5 class=\"w-iconbox-title\"><a href=\"mailto:info@esmero.de\" class=\"w-iconbox-link\" aria-label=\"info@esmero.de\">info@esmero.de<\/a><\/h5><\/div><\/div><div class=\"w-separator size_small\"><\/div><div class=\"w-iconbox iconpos_left style_circle color_primary align_left no_text\"><a href=\"tel:+49 (0) 345 20851935\" class=\"w-iconbox-link\" aria-label=\"+49 (0) 345 20851935\"><div class=\"w-iconbox-icon\" style=\"font-size:22px;\"><i class=\"fas fa-phone\"><\/i><\/div><\/a><div class=\"w-iconbox-meta\"><h5 class=\"w-iconbox-title\"><a href=\"tel:+49 (0) 345 20851935\" class=\"w-iconbox-link\" aria-label=\"+49 (0) 345 20851935\">+49 (0) 345 20851935<\/a><\/h5><\/div><\/div><div class=\"w-separator size_small\"><\/div><div class=\"w-iconbox iconpos_left style_circle color_primary align_left no_text\"><a href=\"tel:+49 (0) 177 3382029\" class=\"w-iconbox-link\" aria-label=\"+49 (0) 177 3382029\"><div class=\"w-iconbox-icon\" style=\"font-size:22px;\"><i class=\"fas fa-mobile\"><\/i><\/div><\/a><div class=\"w-iconbox-meta\"><h5 class=\"w-iconbox-title\"><a href=\"tel:+49 (0) 177 3382029\" class=\"w-iconbox-link\" aria-label=\"+49 (0) 177 3382029\">+49 (0) 177 3382029<\/a><\/h5><\/div><\/div><div class=\"w-separator size_small\"><\/div><div class=\"w-iconbox iconpos_left style_circle color_primary align_left no_text\"><div class=\"w-iconbox-icon\" style=\"font-size:22px;\"><i class=\"fas fa-map-marker\"><\/i><\/div><div class=\"w-iconbox-meta\"><h5 class=\"w-iconbox-title\">Karl-Meseberg-Str. 1406110 Halle (Saale)<\/h5><\/div><\/div><div class=\"w-separator size_large\"><\/div><div class=\"w-map provider_osm us_custom_fca8cc99\" id=\"us_map_1\"><div class=\"w-map-inner\"><div class=\"w-map-json\" onclick='return {&quot;address&quot;:&quot;51.46976, 11.98192&quot;,&quot;disableDragging&quot;:0,&quot;disableZoom&quot;:0,&quot;hideControls&quot;:1,&quot;zoom&quot;:14,&quot;markers&quot;:[{&quot;address&quot;:&quot;51.46976, 11.98192&quot;,&quot;html&quot;:&quot;&lt;h6&gt;Hey, wir sind hier!&lt;\\\/h6&gt;&lt;p&gt;Wir w\\u00fcrden uns sehr freuen Sie zu sehen.&lt;\\\/p&gt;&quot;,&quot;infowindow&quot;:0}],&quot;style&quot;:&quot;https:\\\/\\\/{s}.basemaps.cartocdn.com\\\/light_all\\\/{z}\\\/{x}\\\/{y}{r}.png&quot;}'><\/div><\/div><\/div><\/div><\/div><\/div><div class=\"vc_col-sm-6 wpb_column vc_column_container\"><div class=\"vc_column-inner\"><div class=\"wpb_wrapper\"><div class=\"wpb_text_column\"><div class=\"wpb_wrapper\"><h4><strong>Senden Sie uns eine Nachricht<\/strong><\/h4>\n<p>Damit wir f\u00fcr Sie genau das richtige Angebot erstellen k\u00f6nnen, kontaktieren Sie uns entweder \u00fcber das Formular hier, und wir werden uns umgehend bei Ihnen melden, oder Sie rufen uns direkt \u00fcber unsere nebenstehende Hotline an.<\/p>\n<\/div><\/div><div class=\"w-separator size_small\"><\/div><div class=\"wpb_text_column\"><div class=\"wpb_wrapper\"><div class=\"everest-forms\"><div class=\"evf-container default\" id=\"evf-952\"><form id=\"evf-form-952\" class=\"everest-form\" data-formid=\"952\" data-ajax_submission=\"1\" data-keyboard_friendly_form=\"0\" data-form_state_type=\"\" method=\"post\" enctype=\"multipart\/form-data\" action=\"\/en\/wp-json\/wp\/v2\/pages\/27\"><div class=\"evf-field-container\"><input type=\"hidden\" id=\"_wpnonce952\" name=\"_wpnonce952\" value=\"d50b96e8bb\" \/><input type=\"hidden\" name=\"_wp_http_referer\" value=\"\/en\/wp-json\/wp\/v2\/pages\/27\" \/><div class=\"evf-frontend-row\" data-row=\"row_1\" conditional_rules=\"[]\"><div class=\"evf-frontend-grid evf-grid-1\" data-grid=\"grid_1\"><div id=\"evf-952-field_GHl8AgRQZ8-11-container\" class=\"evf-field evf-field-first-name form-row validate-required\" data-required-field-message=\"Bitte geben Sie einen Namen ein.\" data-field-id=\"GHl8AgRQZ8-11\"><label class=\"evf-field-label\" for=\"evf-952-field_GHl8AgRQZ8-11\"><span class=\"evf-label\">Vorname<\/span> <abbr class=\"required\" title=\"Required\">*<\/abbr><\/label><input type=\"text\" id=\"evf-952-field_GHl8AgRQZ8-11\" class=\"input-text\" name=\"everest_forms[form_fields][GHl8AgRQZ8-11]\" required><\/div><div id=\"evf-952-field_rQjKCr39CO-12-container\" class=\"evf-field evf-field-last-name form-row validate-required\" data-required-field-message=\"Bitte geben Sie einen Namen ein.\" data-field-id=\"rQjKCr39CO-12\"><label class=\"evf-field-label\" for=\"evf-952-field_rQjKCr39CO-12\"><span class=\"evf-label\">Nachname<\/span> <abbr class=\"required\" title=\"Required\">*<\/abbr><\/label><input type=\"text\" id=\"evf-952-field_rQjKCr39CO-12\" class=\"input-text\" name=\"everest_forms[form_fields][rQjKCr39CO-12]\" required><\/div><div id=\"evf-952-field_XYnMdkQDKM-3-container\" class=\"evf-field evf-field-email form-row validate-required validate-email\" data-required-field-message=\"Bitte geben Sie eine g\u00fcltige Mail-Adresse ein.\" data-field-id=\"XYnMdkQDKM-3\"><label class=\"evf-field-label\" for=\"evf-952-field_XYnMdkQDKM-3\"><span class=\"evf-label\">E-Mail<\/span> <abbr class=\"required\" title=\"Required\">*<\/abbr><\/label><input type=\"email\" id=\"evf-952-field_XYnMdkQDKM-3\" class=\"input-text\" name=\"everest_forms[form_fields][XYnMdkQDKM-3]\" required ><\/div><div id=\"evf-952-field_xJivsqAS2c-2-container\" class=\"evf-field evf-field-text form-row validate-required\" data-required-field-message=\"Erforderlich\" data-field-id=\"xJivsqAS2c-2\"><label class=\"evf-field-label\" for=\"evf-952-field_xJivsqAS2c-2\"><span class=\"evf-label\">Betreff<\/span> <abbr class=\"required\" title=\"Required\">*<\/abbr><\/label><input type=\"text\" id=\"evf-952-field_xJivsqAS2c-2\" class=\"input-text\" name=\"everest_forms[form_fields][xJivsqAS2c-2]\" required><\/div><div id=\"evf-952-field_82kaAPhrnW-6-container\" class=\"evf-field evf-field-select form-row validate-required\" data-required-field-message=\"This field is required.\" data-field-id=\"82kaAPhrnW-6\"><label class=\"evf-field-label\" for=\"evf-952-field_82kaAPhrnW-6\"><span class=\"evf-label\">Woher kennen Sie uns?<\/span> <abbr class=\"required\" title=\"Required\">*<\/abbr><\/label><select id=\"evf-952-field_82kaAPhrnW-6\" class=\"input-text evf-field-required\" name=\"everest_forms[form_fields][82kaAPhrnW-6]\" required=\"required\" ><option value=\"- Auswahl treffen -\" >- Auswahl treffen -<\/option><option value=\"Facebook\" >Facebook<\/option><option value=\"Instagram\" >Instagram<\/option><option value=\"Google-Suche\" >Google-Suche<\/option><option value=\"Freunde \/ Bekannte\" >Freunde \/ Bekannte<\/option><option value=\"Sonstiges\" >Sonstiges<\/option><\/select><\/div><div id=\"evf-952-field_YalaPcQ0DO-4-container\" class=\"evf-field evf-field-textarea form-row validate-required\" data-required-field-message=\"Erforderlich\" data-field-id=\"YalaPcQ0DO-4\"><label class=\"evf-field-label\" for=\"evf-952-field_YalaPcQ0DO-4\"><span class=\"evf-label\">Ihre Nachricht<\/span> <abbr class=\"required\" title=\"Required\">*<\/abbr><\/label><textarea id=\"evf-952-field_YalaPcQ0DO-4\" class=\"input-text\" name=\"everest_forms[form_fields][YalaPcQ0DO-4]\" required ><\/textarea><\/div><\/div><\/div><\/div><div class=\"evf-honeypot-container evf-field-hp\"><label for=\"evf-952-field-hp\" class=\"evf-field-label\">Comment<\/label><input type=\"text\" name=\"everest_forms[hp]\" id=\"evf-952-field-hp\" class=\"input-text\"><\/div><div class=\"evf-recaptcha-container \" style=\"display:block\"><div class=\"g-recaptcha\" data-sitekey=\"6LdFRZ8UAAAAAFAEcDx2ARnVigWT0E2Nn61F15Kz\"><\/div><\/div><div class=\"evf-submit-container \" ><input type=\"hidden\" name=\"everest_forms[id]\" value=\"952\"><input type=\"hidden\" name=\"everest_forms[author]\" value=\"1\"><button type='submit' name='everest_forms[submit]' class='everest-forms-submit-button button evf-submit ' id='evf-submit-952' value='evf-submit' data-process-text=\"Wird gesendet....\" conditional_rules='&quot;&quot;' conditional_id='evf-submit-952'  id=\"evf-submit-952\" aria-live=\"assertive\">Senden<\/button><\/div><\/form><\/div><!-- .evf-container --><\/div>\n<\/div><\/div><\/div><\/div><\/div><\/div><\/div><\/section>\n","protected":false},"excerpt":{"rendered":"Kontakt Wollen Sie mit uns pers\u00f6nlich in Kontakt treten oder uns vor Ort besuchen, dann stehen wir Ihnen jederzeit gern zur Verf\u00fcgung. info@esmero.de+49 (0) 345 20851935+49 (0) 177 3382029Karl-Meseberg-Str. 1406110 Halle (Saale)Senden Sie uns eine Nachricht Damit wir f\u00fcr Sie genau das richtige Angebot erstellen k\u00f6nnen, kontaktieren Sie uns entweder \u00fcber das Formular hier, und...","protected":false},"author":1,"featured_media":0,"parent":0,"menu_order":0,"comment_status":"closed","ping_status":"closed","template":"","meta":{"inline_featured_image":false,"pgc_sgb_lightbox_settings":"","footnotes":""},"class_list":["post-27","page","type-page","status-publish","hentry"],"_links":{"self":[{"href":"https:\/\/esmero.de\/en\/wp-json\/wp\/v2\/pages\/27","targetHints":{"allow":["GET"]}}],"collection":[{"href":"https:\/\/esmero.de\/en\/wp-json\/wp\/v2\/pages"}],"about":[{"href":"https:\/\/esmero.de\/en\/wp-json\/wp\/v2\/types\/page"}],"author":[{"embeddable":true,"href":"https:\/\/esmero.de\/en\/wp-json\/wp\/v2\/users\/1"}],"replies":[{"embeddable":true,"href":"https:\/\/esmero.de\/en\/wp-json\/wp\/v2\/comments?post=27"}],"version-history":[{"count":22,"href":"https:\/\/esmero.de\/en\/wp-json\/wp\/v2\/pages\/27\/revisions"}],"predecessor-version":[{"id":4656,"href":"https:\/\/esmero.de\/en\/wp-json\/wp\/v2\/pages\/27\/revisions\/4656"}],"wp:attachment":[{"href":"https:\/\/esmero.de\/en\/wp-json\/wp\/v2\/media?parent=27"}],"curies":[{"name":"wp","href":"https:\/\/api.w.org\/{rel}","templated":true}]}}