{"id":33,"date":"2021-12-28T13:31:48","date_gmt":"2021-12-28T13:31:48","guid":{"rendered":"https:\/\/wp.esmero.de\/?page_id=33"},"modified":"2025-09-04T07:04:38","modified_gmt":"2025-09-04T07:04:38","slug":"leistungen","status":"publish","type":"page","link":"https:\/\/esmero.de\/en\/leistungen\/","title":{"rendered":"Leistungen"},"content":{"rendered":"<section class=\"l-section wpb_row height_small color_primary with_img with_shape\"><div class=\"l-section-img\" role=\"img\" aria-label=\"Image\" data-img-width=\"2500\" data-img-height=\"2500\" style=\"background-image: url(https:\/\/esmero.de\/wp-content\/uploads\/2021\/12\/Polygone-blau.png);\"><\/div><div class=\"l-section-overlay\" style=\"background:rgba(0,0,0,0.35)\"><\/div><div class=\"l-section-shape type_curve-inv pos_bottom\" style=\"height:5vh;\"><svg xmlns=\"http:\/\/www.w3.org\/2000\/svg\" viewBox=\"0 8 64 8\" preserveAspectRatio=\"none\" width=\"100%\" height=\"100%\">\r\n\t<path fill=\"currentColor\" d=\"M64 15.9 Q32 0.4 0 15.9 L0 18 L64 18 Z\"\/>\r\n<\/svg><\/div><div class=\"l-section-h i-cf\"><div class=\"g-cols vc_row via_flex valign_top type_default stacking_default\"><div class=\"vc_col-sm-12 wpb_column vc_column_container\"><div class=\"vc_column-inner\"><div class=\"wpb_wrapper\"><div class=\"wpb_text_column\"><div class=\"wpb_wrapper\"><h1 class=\"elementor-heading-title elementor-size-large\" style=\"text-align: center;\">Die Leistungs\u00fcbersicht f\u00fcr Sie<\/h1>\n<\/div><\/div><div class=\"w-separator size_small\"><\/div><div class=\"wpb_text_column\"><div class=\"wpb_wrapper\"><p style=\"text-align: center;\">Unsere Leistungen auf einen Blick<\/p>\n<\/div><\/div><div class=\"w-separator size_medium\"><\/div><\/div><\/div><\/div><\/div><\/div><\/section><section class=\"l-section wpb_row height_auto\"><div class=\"l-section-h i-cf\"><div class=\"g-cols vc_row via_flex valign_top type_default stacking_default\"><div class=\"vc_col-sm-12 wpb_column vc_column_container\"><div class=\"vc_column-inner\"><div class=\"wpb_wrapper\"><div class=\"wpb_text_column\"><div class=\"wpb_wrapper\"><div class=\"elementor-element elementor-element-94929a1 elementor-widget elementor-widget-heading\" data-id=\"94929a1\" data-element_type=\"widget\" data-widget_type=\"heading.default\">\n<div class=\"elementor-widget-container\">\n<p><img decoding=\"async\" class=\"alignleft wp-image-4132 size-us_0_200\" style=\"margin-top: 10px; border-radius:5px;\" src=\"https:\/\/esmero.de\/wp-content\/uploads\/2023\/12\/dji_mini_4_pro-e1702551534182-322x200.webp\" alt=\"\" width=\"350\" height=\"\" srcset=\"https:\/\/esmero.de\/wp-content\/uploads\/2023\/12\/dji_mini_4_pro-e1702551534182-322x200.webp 322w, https:\/\/esmero.de\/wp-content\/uploads\/2023\/12\/dji_mini_4_pro-e1702551534182-300x187.webp 300w, https:\/\/esmero.de\/wp-content\/uploads\/2023\/12\/dji_mini_4_pro-e1702551534182-241x150.webp 241w, https:\/\/esmero.de\/wp-content\/uploads\/2023\/12\/dji_mini_4_pro-e1702551534182-600x373.webp 600w, https:\/\/esmero.de\/wp-content\/uploads\/2023\/12\/dji_mini_4_pro-e1702551534182-1609x1000.webp 1609w, https:\/\/esmero.de\/wp-content\/uploads\/2023\/12\/dji_mini_4_pro-e1702551534182-145x90.webp 145w, https:\/\/esmero.de\/wp-content\/uploads\/2023\/12\/dji_mini_4_pro-e1702551534182.webp 1800w\" sizes=\"(max-width: 322px) 100vw, 322px\" \/><\/p>\n<\/div>\n<\/div>\n<div class=\"elementor-element elementor-element-92344d9 elementor-widget elementor-widget-text-editor\" data-id=\"92344d9\" data-element_type=\"widget\" data-widget_type=\"text-editor.default\">\n<div class=\"elementor-widget-container\">\n<div class=\"elementor-text-editor elementor-clearfix\">\n<p>Zu den meist gebuchten Media Services geh\u00f6ren Baudokumentationen, Events und Gutachten in Bild- und Videoaufnahmen.<\/p>\n<p>Bei <strong>Baudokumentationen<\/strong> werden mit einem Quadrocopter (Drohne) Bild- und Videoaufnahmen erstellt. Das erm\u00f6glicht Ihnen, die individuell gew\u00fcnschte Sicht auf das Bauobjekt auszuw\u00e4hlen. Aus diesen Blickwinkeln erstellen wir f\u00fcr Ihr Projekt einen speziellen Flugplan, mit dem alle k\u00fcnftigen Aufnahmen immer wieder aus der gleichen Perspektive gefilmt werden. Mithilfe von Geo-Koordinaten kann diese Pr\u00e4zision sowie eine periodische Betrachtung der zum jeweiligen Zeitpunkt erstellten Aufnahmen aus immer gleicher Position gew\u00e4hrleistet werden.<strong> Sie werden es lieben.<\/strong><\/p>\n<p>Bei <strong>Veranstaltungen<\/strong> k\u00f6nnen mit genau derselben Technik Luftbildaufnahmen erstellt werden. Ihr Event wird aus einem ganz neuen Blickwinkel gefilmt und Sie werden zum Regisseur und k\u00f6nnen Ihre G\u00e4ste aus gro\u00dfer und geringer H\u00f6he betrachten. So haben Sie Ihre Veranstaltungen, Partys oder Events noch nie dokumentiert. <strong>Sie werden \u00fcberrascht sein.<\/strong><\/p>\n<p><img decoding=\"async\" class=\"size-medium wp-image-4133 alignright\" style=\"margin-top: 15px; border-radius:5px;\" src=\"https:\/\/esmero.de\/wp-content\/uploads\/2023\/12\/dji_air_3-300x169.jpg\" alt=\"\" width=\"300\" height=\"\" srcset=\"https:\/\/esmero.de\/wp-content\/uploads\/2023\/12\/dji_air_3-300x169.jpg 300w, https:\/\/esmero.de\/wp-content\/uploads\/2023\/12\/dji_air_3-356x200.jpg 356w, https:\/\/esmero.de\/wp-content\/uploads\/2023\/12\/dji_air_3-267x150.jpg 267w, https:\/\/esmero.de\/wp-content\/uploads\/2023\/12\/dji_air_3-600x338.jpg 600w, https:\/\/esmero.de\/wp-content\/uploads\/2023\/12\/dji_air_3-160x90.jpg 160w, https:\/\/esmero.de\/wp-content\/uploads\/2023\/12\/dji_air_3.jpg 1024w\" sizes=\"(max-width: 300px) 100vw, 300px\" \/><\/p>\n<p>Unsere Technik erm\u00f6glicht es, Unterst\u00fctzung bei <strong>Gutachten<\/strong> zu leisten, um in schwer oder gar nicht zug\u00e4ngliche Bereiche vorzudringen. So entstehen Aufnahmen, mit denen Sie sich ein Bild vom Zustand machen k\u00f6nnen. Neben den Begutachtungen mithilfe \u00fcblicher Kameratechnik k\u00f6nnen Sie ebenfalls den Einsatz unserer Infrarot-Kameratechnik nutzen. Damit k\u00f6nnen schon kleinste Abweichungen bei Solarfeldern, der eingesetzten Paneelen und angeschlossener Wandlungstechnik mit W\u00e4rmebilderkennung durchgef\u00fchrt werden. Ebenso k\u00f6nnen Sie Inspektionen an Windr\u00e4dern oder Mobilfunkmasten durch einen regelm\u00e4\u00dfigen Begutachtungsflug absichern. Unregelm\u00e4\u00dfigkeiten und Beeintr\u00e4chtigung werden erkannt und Sie k\u00f6nnen im Schadensfall einen Techniker entsenden. Das spart Kosten und hilft Ihnen, kosteng\u00fcnstig up to date zu bleiben. <strong>So sparen Sie Zeit und Geld<\/strong>.<\/p>\n<\/div>\n<\/div>\n<\/div>\n<\/div><\/div><div class=\"g-cols wpb_row via_flex valign_top type_default stacking_default\"><div class=\"vc_col-sm-12 wpb_column vc_column_container\"><div class=\"vc_column-inner\"><div class=\"wpb_wrapper\"><div class=\"w-grid us_grid type_grid layout_162 cols_3 overflow_hidden preload_style_spinner with_css_animation\" id=\"us_grid_1\" style=\"--columns:3;--gap:25px;\" data-filterable=\"true\"><style>@media (max-width:1299px){#us_grid_1{--columns:2!important}}@media (max-width:1024px){#us_grid_1{--columns:2!important}}@media (max-width:501px){#us_grid_1{--columns:1!important}}.layout_162 .w-grid-item-h{background:var(--color-content-bg);color:var(--color-content-text);border-radius:0.3rem;box-shadow:0 0.07rem 0.14rem rgba(0,0,0,0.1),0 0.23rem 0.7rem rgba(0,0,0,0.1);transition-duration:0.3s}.no-touch .layout_162 .w-grid-item-h:hover{box-shadow:0 0.12rem 0.24rem rgba(0,0,0,0.1),0 0.4rem 1.2rem rgba(0,0,0,0.15);z-index:4}.layout_162 .usg_btn_1{transition-duration:0.3s;transform-origin:50% 50%;transform:scale(1) translate(0%,0%)}.layout_162 .w-grid-item-h:focus-within .usg_btn_1,.layout_162 .w-grid-item-h:hover .usg_btn_1{transform:scale(1) translate(0%,0%);opacity:1;background:var(--color-content-primary-grad,var(--color-content-primary) )!important;color:var(--color-header-middle-bg)!important}.layout_162 .usg_post_image_1{transition-duration:0.3s;transform-origin:50% 100%;transform:scale(1) translate(0%,0%)}.layout_162 .w-grid-item-h:focus-within .usg_post_image_1,.layout_162 .w-grid-item-h:hover .usg_post_image_1{transform:scale(1.15) translate(0%,0%);opacity:1}.layout_162 .usg_post_title_1{color:var(--color-header-middle-text)!important;font-size:1.4rem!important;font-weight:700!important}.layout_162 .usg_vwrapper_1{color:var(--color-header-middle-text)!important;position:static!important;padding:5% 11% 10% 11%!important}.layout_162 .usg_post_content_1{color:var(--color-content-faded)!important;text-align:center!important;font-size:15px!important}.layout_162 .usg_btn_1{text-align:center!important}.layout_162 .usg_post_image_1{height:300px!important;margin-bottom:1rem!important;border-radius:5px!important;position:static!important}<\/style><div class=\"w-grid-list\">\t<article class=\"w-grid-item us_animate_afb size_1x1 post-537 us_portfolio type-us_portfolio status-publish has-post-thumbnail hentry us_portfolio_category-leistungen us_portfolio_tag-virtuelle-touren us_portfolio_tag-360-grad us_portfolio_tag-panorama us_portfolio_tag-panoramen\" data-id=\"537\" style=\"animation-delay:0s\">\r\n\t\t<div class=\"w-grid-item-h\">\r\n\t\t\t\t\t\t\t<a href=\"https:\/\/esmero.de\/en\/portfolio\/360-grad-panoramen\/\" class=\"w-grid-item-anchor\" aria-label=\"360\u00b0-Panoramen\"><\/a>\r\n\t\t\t\t\t\t<div class=\"w-post-elm post_image usg_post_image_1 has_height has_ratio\"><img loading=\"lazy\" decoding=\"async\" width=\"1024\" height=\"576\" src=\"https:\/\/esmero.de\/wp-content\/uploads\/2022\/01\/Marktplatz_Haendel_Nacht_web-1024x576.jpg\" class=\"attachment-large size-large wp-post-image\" alt=\"\" \/><div style=\"padding-bottom:75%\"><\/div><\/div><div class=\"w-vwrapper usg_vwrapper_1 has_text_color align_center valign_top\"><h3 class=\"w-post-elm post_title usg_post_title_1 has_text_color align_center entry-title color_link_inherit\">360\u00b0-Panoramen<\/h3><div class=\"w-post-elm post_content usg_post_content_1 has_text_color\">Begrenzungen sind nicht Ihr Ding? Sie wollen nicht nur Fotos sehen, die rechts und links angeschnitten sind und sind neugierig auf neue, spannende Perspektiven? Dann sind 360\u00b0-Panoramen genau das Richtige f\u00fcr Sie.<\/div><button tabindex=\"-1\" class=\"w-btn us-btn-style_4 usg_btn_1\"><span class=\"w-btn-label\">Zum Service<\/span><\/button><\/div>\t\t<\/div>\r\n\t\t\t<\/article>\r\n\t<article class=\"w-grid-item us_animate_afb size_1x1 post-4869 us_portfolio type-us_portfolio status-publish has-post-thumbnail hentry us_portfolio_category-leistungen us_portfolio_tag-streaming\" data-id=\"4869\" style=\"animation-delay:0.1s\">\r\n\t\t<div class=\"w-grid-item-h\">\r\n\t\t\t\t\t\t\t<a href=\"https:\/\/esmero.de\/en\/portfolio\/live-streaming\/\" class=\"w-grid-item-anchor\" aria-label=\"Live-Streaming\"><\/a>\r\n\t\t\t\t\t\t<div class=\"w-post-elm post_image usg_post_image_1 has_height has_ratio\"><img loading=\"lazy\" decoding=\"async\" width=\"1280\" height=\"960\" src=\"https:\/\/esmero.de\/wp-content\/uploads\/2025\/09\/20230701_093424-1920x1440.jpg\" class=\"attachment-large size-large wp-post-image\" alt=\"\" \/><div style=\"padding-bottom:75%\"><\/div><\/div><div class=\"w-vwrapper usg_vwrapper_1 has_text_color align_center valign_top\"><h3 class=\"w-post-elm post_title usg_post_title_1 has_text_color align_center entry-title color_link_inherit\">Live-Streaming<\/h3><div class=\"w-post-elm post_content usg_post_content_1 has_text_color\">Mit unserem Live-Streaming bringen wir Ihre Veranstaltung ohne Umwege zu Ihrem Publikum \u2013 egal ob in der Halle, im Stadion oder weltweit im Netz. Dabei setzen wir auf Full-HD- und 4K-\u00dcbertragungen, ein stabiles Streaming-Setup und modernste Multi-Kamera-Technik, die jedes Detail einf\u00e4ngt.<\/div><button tabindex=\"-1\" class=\"w-btn us-btn-style_4 usg_btn_1\"><span class=\"w-btn-label\">Zum Service<\/span><\/button><\/div>\t\t<\/div>\r\n\t\t\t<\/article>\r\n\t<article class=\"w-grid-item us_animate_afb size_1x1 post-4856 us_portfolio type-us_portfolio status-publish has-post-thumbnail hentry us_portfolio_category-leistungen us_portfolio_tag-regie us_portfolio_tag-streaming us_portfolio_tag-event\" data-id=\"4856\" style=\"animation-delay:0.2s\">\r\n\t\t<div class=\"w-grid-item-h\">\r\n\t\t\t\t\t\t\t<a href=\"https:\/\/esmero.de\/en\/portfolio\/streaming-event-regie\/\" class=\"w-grid-item-anchor\" aria-label=\"Streaming &amp; Event-Regie\"><\/a>\r\n\t\t\t\t\t\t<div class=\"w-post-elm post_image usg_post_image_1 has_height has_ratio\"><img loading=\"lazy\" decoding=\"async\" width=\"1280\" height=\"1707\" src=\"https:\/\/esmero.de\/wp-content\/uploads\/2025\/09\/20250809_163218-1-1440x1920.jpg\" class=\"attachment-large size-large wp-post-image\" alt=\"\" \/><div style=\"padding-bottom:75%\"><\/div><\/div><div class=\"w-vwrapper usg_vwrapper_1 has_text_color align_center valign_top\"><h3 class=\"w-post-elm post_title usg_post_title_1 has_text_color align_center entry-title color_link_inherit\">Streaming &#038; Event-Regie<\/h3><div class=\"w-post-elm post_content usg_post_content_1 has_text_color\">Wir sorgen daf\u00fcr, dass Ihr Event professionell in Szene gesetzt wird: mit modernem Live-Streaming, Event-Regie und technischer Umsetzung vor Ort. Ob Sportveranstaltung, Firmen-Event oder Stadtfest \u2013 wir bringen Bilder, Ton und Emotionen direkt zu Ihrem Publikum.<\/div><button tabindex=\"-1\" class=\"w-btn us-btn-style_4 usg_btn_1\"><span class=\"w-btn-label\">Zum Service<\/span><\/button><\/div>\t\t<\/div>\r\n\t\t\t<\/article>\r\n\t<article class=\"w-grid-item us_animate_afb size_1x1 post-534 us_portfolio type-us_portfolio status-publish has-post-thumbnail hentry us_portfolio_category-leistungen us_portfolio_tag-luftbilder us_portfolio_tag-luftaufnahmen us_portfolio_tag-drohnenpiloten us_portfolio_tag-drohne us_portfolio_tag-copter\" data-id=\"534\" style=\"animation-delay:0.3s\">\r\n\t\t<div class=\"w-grid-item-h\">\r\n\t\t\t\t\t\t\t<a href=\"https:\/\/esmero.de\/en\/portfolio\/luftbilder\/\" class=\"w-grid-item-anchor\" aria-label=\"Drohnen Services\"><\/a>\r\n\t\t\t\t\t\t<div class=\"w-post-elm post_image usg_post_image_1 has_height has_ratio\"><img loading=\"lazy\" decoding=\"async\" width=\"1024\" height=\"512\" src=\"https:\/\/esmero.de\/wp-content\/uploads\/2021\/12\/halle-1024x512.jpg\" class=\"attachment-large size-large wp-post-image\" alt=\"\" \/><div style=\"padding-bottom:75%\"><\/div><\/div><div class=\"w-vwrapper usg_vwrapper_1 has_text_color align_center valign_top\"><h3 class=\"w-post-elm post_title usg_post_title_1 has_text_color align_center entry-title color_link_inherit\">Drohnen Services<\/h3><div class=\"w-post-elm post_content usg_post_content_1 has_text_color\">Unsere Multicopter sind technisch auf dem neuesten Stand und wir verf\u00fcgen \u00fcber mehr als 10 Jahre Erfahrung. So k\u00f6nnen wir f\u00fcr Sie jede Herausforderung meistern, f\u00fcr automatisierte Dokumentationen, Imagevideos oder Schadensbegutachtung. Wir finden mit Ihnen die passende L\u00f6sung.<\/div><button tabindex=\"-1\" class=\"w-btn us-btn-style_4 usg_btn_1\"><span class=\"w-btn-label\">Zum Service<\/span><\/button><\/div>\t\t<\/div>\r\n\t\t\t<\/article>\r\n\t<article class=\"w-grid-item us_animate_afb size_1x1 post-4729 us_portfolio type-us_portfolio status-publish has-post-thumbnail hentry us_portfolio_category-leistungen us_portfolio_tag-dokumentation us_portfolio_tag-copter us_portfolio_tag-inspektion\" data-id=\"4729\" style=\"animation-delay:0.4s\">\r\n\t\t<div class=\"w-grid-item-h\">\r\n\t\t\t\t\t\t\t<a href=\"https:\/\/esmero.de\/en\/portfolio\/inspektion-dokumentation\/\" class=\"w-grid-item-anchor\" aria-label=\"Inspektion &amp; Dokumentation\"><\/a>\r\n\t\t\t\t\t\t<div class=\"w-post-elm post_image usg_post_image_1 has_height has_ratio\"><img loading=\"lazy\" decoding=\"async\" width=\"1260\" height=\"945\" src=\"https:\/\/esmero.de\/wp-content\/uploads\/2025\/08\/DJI_20230824113439_0623_D.jpg\" class=\"attachment-large size-large wp-post-image\" alt=\"\" \/><div style=\"padding-bottom:75%\"><\/div><\/div><div class=\"w-vwrapper usg_vwrapper_1 has_text_color align_center valign_top\"><h3 class=\"w-post-elm post_title usg_post_title_1 has_text_color align_center entry-title color_link_inherit\">Inspektion &#038; Dokumentation<\/h3><div class=\"w-post-elm post_content usg_post_content_1 has_text_color\">Stillstand ist teuer \u2013 das gilt besonders f\u00fcr Windenergieanlagen. Mit unseren professionellen Drohnenfl\u00fcgen erfassen wir Rotorbl\u00e4tter, Gondel und Turm zuverl\u00e4ssig in h\u00f6chster Aufl\u00f6sung \u2013 ohne aufwendige Kletterarbeiten oder Hubsteiger. Das spart Zeit, senkt Kosten und erh\u00f6ht die Betriebssicherheit.<\/div><button tabindex=\"-1\" class=\"w-btn us-btn-style_4 usg_btn_1\"><span class=\"w-btn-label\">Zum Service<\/span><\/button><\/div>\t\t<\/div>\r\n\t\t\t<\/article>\r\n\t<article class=\"w-grid-item us_animate_afb size_1x1 post-4796 us_portfolio type-us_portfolio status-publish has-post-thumbnail hentry us_portfolio_category-leistungen us_portfolio_tag-laserscanning\" data-id=\"4796\" style=\"animation-delay:0.5s\">\r\n\t\t<div class=\"w-grid-item-h\">\r\n\t\t\t\t\t\t\t<a href=\"https:\/\/esmero.de\/en\/portfolio\/laserscannen-3d-digitalisierung\/\" class=\"w-grid-item-anchor\" aria-label=\"Laserscannen &amp; 3D-Digitalisierung\"><\/a>\r\n\t\t\t\t\t\t<div class=\"w-post-elm post_image usg_post_image_1 has_height has_ratio\"><img loading=\"lazy\" decoding=\"async\" width=\"1280\" height=\"960\" src=\"https:\/\/esmero.de\/wp-content\/uploads\/2025\/09\/20250509_1138202-1920x1440.jpg\" class=\"attachment-large size-large wp-post-image\" alt=\"\" \/><div style=\"padding-bottom:75%\"><\/div><\/div><div class=\"w-vwrapper usg_vwrapper_1 has_text_color align_center valign_top\"><h3 class=\"w-post-elm post_title usg_post_title_1 has_text_color align_center entry-title color_link_inherit\">Laserscannen &#038; 3D-Digitalisierung<\/h3><div class=\"w-post-elm post_content usg_post_content_1 has_text_color\">Pr\u00e4zise. Schnell. Immersiv. Mit modernster Laserscantechnologie und innovativen Verfahren wie Gaussian Splatting erfassen wir Objekte, R\u00e4ume und Anlagen bis ins kleinste Detail und machen sie als digitale 3D-Modelle verf\u00fcgbar \u2013 f\u00fcr Planung, Dokumentation und Pr\u00e4sentation.<\/div><button tabindex=\"-1\" class=\"w-btn us-btn-style_4 usg_btn_1\"><span class=\"w-btn-label\">Zum Service<\/span><\/button><\/div>\t\t<\/div>\r\n\t\t\t<\/article>\r\n\t<article class=\"w-grid-item us_animate_afb size_1x1 post-514 us_portfolio type-us_portfolio status-publish has-post-thumbnail hentry us_portfolio_category-leistungen us_portfolio_tag-fotogrammetrie us_portfolio_tag-3d us_portfolio_tag-copter\" data-id=\"514\" style=\"animation-delay:0s\">\r\n\t\t<div class=\"w-grid-item-h\">\r\n\t\t\t\t\t\t\t<a href=\"https:\/\/esmero.de\/en\/portfolio\/fotogrammetrie\/\" class=\"w-grid-item-anchor\" aria-label=\"Fotogrammetrie\"><\/a>\r\n\t\t\t\t\t\t<div class=\"w-post-elm post_image usg_post_image_1 has_height has_ratio\"><img loading=\"lazy\" decoding=\"async\" width=\"1024\" height=\"595\" src=\"https:\/\/esmero.de\/wp-content\/uploads\/2022\/01\/FS-1-1024x595.jpg\" class=\"attachment-large size-large wp-post-image\" alt=\"\" \/><div style=\"padding-bottom:75%\"><\/div><\/div><div class=\"w-vwrapper usg_vwrapper_1 has_text_color align_center valign_top\"><h3 class=\"w-post-elm post_title usg_post_title_1 has_text_color align_center entry-title color_link_inherit\">Fotogrammetrie<\/h3><div class=\"w-post-elm post_content usg_post_content_1 has_text_color\">Wir erschaffen komplexe und hoch detaillierte Abbilder von Denkm\u00e4lern, Geb\u00e4uden, Stra\u00dfenz\u00fcgen und Stadtteilen. Die digitalen Zwillinge k\u00f6nnen auf Webseiten, in Ausstellungen, 3D-Druck und zur Stadtplanung verwendet werden.<\/div><button tabindex=\"-1\" class=\"w-btn us-btn-style_4 usg_btn_1\"><span class=\"w-btn-label\">Zum Service<\/span><\/button><\/div>\t\t<\/div>\r\n\t\t\t<\/article>\r\n\t<article class=\"w-grid-item us_animate_afb size_1x1 post-446 us_portfolio type-us_portfolio status-publish has-post-thumbnail hentry us_portfolio_category-leistungen us_portfolio_tag-baudokumentation us_portfolio_tag-copter\" data-id=\"446\" style=\"animation-delay:0.1s\">\r\n\t\t<div class=\"w-grid-item-h\">\r\n\t\t\t\t\t\t\t<a href=\"https:\/\/esmero.de\/en\/portfolio\/baudokumentation\/\" class=\"w-grid-item-anchor\" aria-label=\"Baudokumentation\"><\/a>\r\n\t\t\t\t\t\t<div class=\"w-post-elm post_image usg_post_image_1 has_height has_ratio\"><img loading=\"lazy\" decoding=\"async\" width=\"800\" height=\"581\" src=\"https:\/\/esmero.de\/wp-content\/uploads\/2022\/01\/baudoku.jpg\" class=\"attachment-large size-large wp-post-image\" alt=\"\" \/><div style=\"padding-bottom:75%\"><\/div><\/div><div class=\"w-vwrapper usg_vwrapper_1 has_text_color align_center valign_top\"><h3 class=\"w-post-elm post_title usg_post_title_1 has_text_color align_center entry-title color_link_inherit\">Baudokumentation<\/h3><div class=\"w-post-elm post_content usg_post_content_1 has_text_color\">Mit einer Baudokumentation k\u00f6nnen Kunden und Investoren den Baufortschritt begutachten, dokumentieren und bewerten. Wir halten f\u00fcr Sie den Baufortschritt in Bild, Video und in Form eines 3D-Modell fest.<\/div><button tabindex=\"-1\" class=\"w-btn us-btn-style_4 usg_btn_1\"><span class=\"w-btn-label\">Zum Service<\/span><\/button><\/div>\t\t<\/div>\r\n\t\t\t<\/article>\r\n\t<article class=\"w-grid-item us_animate_afb size_1x1 post-586 us_portfolio type-us_portfolio status-publish has-post-thumbnail hentry us_portfolio_category-leistungen us_portfolio_tag-3d us_portfolio_tag-3d-druck\" data-id=\"586\" style=\"animation-delay:0.2s\">\r\n\t\t<div class=\"w-grid-item-h\">\r\n\t\t\t\t\t\t\t<a href=\"https:\/\/esmero.de\/en\/portfolio\/3d-druck\/\" class=\"w-grid-item-anchor\" aria-label=\"3D-Druck\"><\/a>\r\n\t\t\t\t\t\t<div class=\"w-post-elm post_image usg_post_image_1 has_height has_ratio\"><img loading=\"lazy\" decoding=\"async\" width=\"819\" height=\"1024\" src=\"https:\/\/esmero.de\/wp-content\/uploads\/2021\/12\/Wasserturm-3D-Druck-819x1024.jpg\" class=\"attachment-large size-large wp-post-image\" alt=\"\" \/><div style=\"padding-bottom:75%\"><\/div><\/div><div class=\"w-vwrapper usg_vwrapper_1 has_text_color align_center valign_top\"><h3 class=\"w-post-elm post_title usg_post_title_1 has_text_color align_center entry-title color_link_inherit\">3D-Druck<\/h3><div class=\"w-post-elm post_content usg_post_content_1 has_text_color\">Wir verf\u00fcgen \u00fcber die technischen Voraussetzungen f\u00fcr jede Art von 3D-Druck: ob SLA-Druck mit Harz oder Filamentdruck. Wir beraten Sie gern bei der Auswahl des geeigneten Verfahrens f\u00fcr ein perfektes Ergebnis: von der Erstellung des 3D-Modells bis zum fertigen Produkt.<\/div><button tabindex=\"-1\" class=\"w-btn us-btn-style_4 usg_btn_1\"><span class=\"w-btn-label\">Zum Service<\/span><\/button><\/div>\t\t<\/div>\r\n\t\t\t<\/article>\r\n\t<article class=\"w-grid-item us_animate_afb size_1x1 post-599 us_portfolio type-us_portfolio status-publish has-post-thumbnail hentry us_portfolio_category-leistungen us_portfolio_tag-web us_portfolio_tag-app us_portfolio_tag-cloud us_portfolio_tag-webseiten us_portfolio_tag-coding us_portfolio_tag-programmierung\" data-id=\"599\" style=\"animation-delay:0.3s\">\r\n\t\t<div class=\"w-grid-item-h\">\r\n\t\t\t\t\t\t\t<a href=\"https:\/\/esmero.de\/en\/portfolio\/apps\/\" class=\"w-grid-item-anchor\" aria-label=\"WEB, APP &amp; CLOUD\"><\/a>\r\n\t\t\t\t\t\t<div class=\"w-post-elm post_image usg_post_image_1 has_height has_ratio\"><img loading=\"lazy\" decoding=\"async\" width=\"300\" height=\"179\" src=\"https:\/\/esmero.de\/wp-content\/uploads\/2022\/01\/sourcecode-300x179-1.png\" class=\"attachment-large size-large wp-post-image\" alt=\"\" \/><div style=\"padding-bottom:75%\"><\/div><\/div><div class=\"w-vwrapper usg_vwrapper_1 has_text_color align_center valign_top\"><h3 class=\"w-post-elm post_title usg_post_title_1 has_text_color align_center entry-title color_link_inherit\">WEB, APP &#038; CLOUD<\/h3><div class=\"w-post-elm post_content usg_post_content_1 has_text_color\">Ein Businessprozess soll automatisiert werden oder Sie ben\u00f6tigen eine App zur Digitalisierung Ihres analogen Gesch\u00e4ftsmodells? Wir helfen Ihnen dabei, eine individuelle L\u00f6sung f\u00fcr Ihr Unternehmen zu entwickeln und stellen Ihnen zudem einen effektiven Wartungsservice zur Verf\u00fcgung.<\/div><button tabindex=\"-1\" class=\"w-btn us-btn-style_4 usg_btn_1\"><span class=\"w-btn-label\">Zum Service<\/span><\/button><\/div>\t\t<\/div>\r\n\t\t\t<\/article>\r\n<\/div>\t<div class=\"w-grid-preloader\">\r\n\t\t<div class=\"g-preloader type_1\">\r\n\t\t\t<div><\/div>\r\n\t\t<\/div>\r\n\t<\/div>\r\n\t\t<div class=\"w-grid-json hidden\" onclick='return {&quot;action&quot;:&quot;us_ajax_grid&quot;,&quot;infinite_scroll&quot;:0,&quot;max_num_pages&quot;:2,&quot;pagination&quot;:&quot;none&quot;,&quot;template_vars&quot;:{&quot;columns&quot;:&quot;3&quot;,&quot;exclude_items&quot;:&quot;none&quot;,&quot;img_size&quot;:&quot;default&quot;,&quot;ignore_items_size&quot;:0,&quot;items_layout&quot;:&quot;162&quot;,&quot;items_offset&quot;:&quot;1&quot;,&quot;load_animation&quot;:&quot;afb&quot;,&quot;overriding_link&quot;:&quot;%7B%22type%22%3A%22post%22%7D&quot;,&quot;post_id&quot;:0,&quot;query_args&quot;:{&quot;post_type&quot;:[&quot;us_portfolio&quot;],&quot;tax_query&quot;:[{&quot;taxonomy&quot;:&quot;us_portfolio_category&quot;,&quot;field&quot;:&quot;slug&quot;,&quot;terms&quot;:[&quot;leistungen&quot;]}],&quot;post_status&quot;:[&quot;publish&quot;,&quot;wpzoom-hidden&quot;,&quot;wc-pending-wdraw&quot;,&quot;wc-withdrawn&quot;],&quot;posts_per_page&quot;:&quot;10&quot;},&quot;orderby_query_args&quot;:{&quot;orderby&quot;:{&quot;modified&quot;:&quot;DESC&quot;,&quot;date&quot;:&quot;DESC&quot;}},&quot;type&quot;:&quot;grid&quot;,&quot;us_grid_post_type&quot;:&quot;us_portfolio&quot;,&quot;us_grid_ajax_index&quot;:1,&quot;us_grid_filter_query_string&quot;:null,&quot;us_grid_index&quot;:1,&quot;page_args&quot;:[]}}'><\/div>\r\n\t<\/div><\/div><\/div><\/div><\/div><div class=\"w-separator size_medium\"><\/div><\/div><\/div><\/div><\/div><\/div><\/section>\n","protected":false},"excerpt":{"rendered":"WEB, APP &#038; CLOUDVon der Idee zum fertigen Projekt Wir erstellen mit Ihnen das Konzept f\u00fcr Ihr n\u00e4chstes Projekt: Welche Anforderungen haben Sie an die Entwicklung? Was soll die k\u00fcnftige Anwendung leisten? Welche Zielgruppe m\u00f6chten Sie ansprechen? In welchem Zeitrahmen soll die Anwendung erstellt und bereitgestellt werden? Sie m\u00f6chten gerne von unterwegs wenige Daten und...","protected":false},"author":1,"featured_media":0,"parent":0,"menu_order":0,"comment_status":"closed","ping_status":"closed","template":"","meta":{"inline_featured_image":false,"pgc_sgb_lightbox_settings":"","footnotes":""},"class_list":["post-33","page","type-page","status-publish","hentry"],"_links":{"self":[{"href":"https:\/\/esmero.de\/en\/wp-json\/wp\/v2\/pages\/33","targetHints":{"allow":["GET"]}}],"collection":[{"href":"https:\/\/esmero.de\/en\/wp-json\/wp\/v2\/pages"}],"about":[{"href":"https:\/\/esmero.de\/en\/wp-json\/wp\/v2\/types\/page"}],"author":[{"embeddable":true,"href":"https:\/\/esmero.de\/en\/wp-json\/wp\/v2\/users\/1"}],"replies":[{"embeddable":true,"href":"https:\/\/esmero.de\/en\/wp-json\/wp\/v2\/comments?post=33"}],"version-history":[{"count":38,"href":"https:\/\/esmero.de\/en\/wp-json\/wp\/v2\/pages\/33\/revisions"}],"predecessor-version":[{"id":516,"href":"https:\/\/esmero.de\/en\/wp-json\/wp\/v2\/pages\/33\/revisions\/516"}],"wp:attachment":[{"href":"https:\/\/esmero.de\/en\/wp-json\/wp\/v2\/media?parent=33"}],"curies":[{"name":"wp","href":"https:\/\/api.w.org\/{rel}","templated":true}]}}