{"id":2581,"date":"2022-04-20T11:31:50","date_gmt":"2022-04-20T11:31:50","guid":{"rendered":"https:\/\/esmero.de\/produkt\/iphone-huelle-fruehling-marktplatz\/"},"modified":"2022-04-20T17:02:41","modified_gmt":"2022-04-20T17:02:41","slug":"iphone-huelle-fruehling-marktplatz","status":"publish","type":"product","link":"https:\/\/esmero.de\/en\/produkt\/iphone-huelle-fruehling-marktplatz\/","title":{"rendered":"iPhone-H\u00fclle Fr\u00fchling Marktplatz"},"content":{"rendered":"<p>Diese schlanke iPhone-H\u00fclle sch\u00fctzt dein Handy vor Kratzern, Staub, \u00d6l und Schmutz. Sie hat eine gest\u00e4rkte R\u00fcckseite und flexible Seiten, die das Ein- und Ausschalten erleichtern, und pr\u00e4zise ausgerichtete Port-\u00d6ffnungen.<\/p>\n<p>\u2022 BPA-freies Hybridmaterial aus Thermoplast Polyurethan (TPU) und Polycarbonat (PC)<br \/>\n\u2022 Starke Polycarbonat-R\u00fcckseite<br \/>\n\u2022 Flexible, durchsichtige Polyurethan-Seiten<br \/>\n\u2022 0,5 mm angehobene Blende<br \/>\n\u2022 Leichtes An- und Ablegen<br \/>\n\u2022 Kompatibel mit kabellosem Laden<br \/>\n\u2022 Die SE H\u00fclle passt auf das 2020 iPhone SE Modell<br \/>\n\u2022 Rohprodukt bezogen aus China<\/p>\n","protected":false},"excerpt":{"rendered":"<p>Diese schlanke iPhone-H\u00fclle sch\u00fctzt dein Handy vor Kratzern, Staub, \u00d6l und Schmutz. Sie hat eine gest\u00e4rkte R\u00fcckseite und flexible Seiten, die das Ein- und Ausschalten erleichtern, und pr\u00e4zise ausgerichtete Port-\u00d6ffnungen. \u2022 BPA-freies Hybridmaterial aus Thermoplast Polyurethan (TPU) und Polycarbonat (PC) \u2022 Starke Polycarbonat-R\u00fcckseite \u2022 Flexible, durchsichtige Polyurethan-Seiten \u2022 0,5 mm angehobene Blende \u2022 Leichtes An-&#8230;<\/p>\n","protected":false},"featured_media":2599,"comment_status":"open","ping_status":"closed","template":"","meta":{"inline_featured_image":false,"pgc_sgb_lightbox_settings":""},"product_brand":[],"product_cat":[237],"product_tag":[240,241,242,251,230,239],"class_list":{"0":"post-2581","1":"product","2":"type-product","3":"status-publish","4":"has-post-thumbnail","6":"product_cat-iphone","7":"product_tag-handyhuelle-halle","8":"product_tag-halle","9":"product_tag-marktkirche","10":"product_tag-fruehling","11":"product_tag-halle-saale","12":"product_tag-iphone-huelle","14":"first","15":"instock","16":"taxable","17":"shipping-taxable","18":"purchasable","19":"product-type-variable"},"_links":{"self":[{"href":"https:\/\/esmero.de\/en\/wp-json\/wp\/v2\/product\/2581","targetHints":{"allow":["GET"]}}],"collection":[{"href":"https:\/\/esmero.de\/en\/wp-json\/wp\/v2\/product"}],"about":[{"href":"https:\/\/esmero.de\/en\/wp-json\/wp\/v2\/types\/product"}],"replies":[{"embeddable":true,"href":"https:\/\/esmero.de\/en\/wp-json\/wp\/v2\/comments?post=2581"}],"wp:featuredmedia":[{"embeddable":true,"href":"https:\/\/esmero.de\/en\/wp-json\/wp\/v2\/media\/2599"}],"wp:attachment":[{"href":"https:\/\/esmero.de\/en\/wp-json\/wp\/v2\/media?parent=2581"}],"wp:term":[{"taxonomy":"product_brand","embeddable":true,"href":"https:\/\/esmero.de\/en\/wp-json\/wp\/v2\/product_brand?post=2581"},{"taxonomy":"product_cat","embeddable":true,"href":"https:\/\/esmero.de\/en\/wp-json\/wp\/v2\/product_cat?post=2581"},{"taxonomy":"product_tag","embeddable":true,"href":"https:\/\/esmero.de\/en\/wp-json\/wp\/v2\/product_tag?post=2581"}],"curies":[{"name":"wp","href":"https:\/\/api.w.org\/{rel}","templated":true}]}}