{"id":2760,"date":"2022-04-20T13:26:55","date_gmt":"2022-04-20T13:26:55","guid":{"rendered":"https:\/\/esmero.de\/produkt\/samsung-handyhuelle-hausmannstuerme\/"},"modified":"2022-04-20T17:02:13","modified_gmt":"2022-04-20T17:02:13","slug":"samsung-handyhuelle-hausmannstuerme","status":"publish","type":"product","link":"https:\/\/esmero.de\/en\/produkt\/samsung-handyhuelle-hausmannstuerme\/","title":{"rendered":"Samsung-Handyh\u00fclle Hausmannst\u00fcrme"},"content":{"rendered":"<p>Diese d\u00fcnne Samsung-H\u00fclle sch\u00fctzt dein Handy vor Kratzern, Staub, \u00d6l und Schmutz. Sie hat eine solide R\u00fcckseite und flexible Seiten, die durch pr\u00e4zise geschnittenen \u00d6ffnungen und Aussparungen das Ein- und Ausschalten erleichtern..<\/p>\n<p>\u2022 Hybrid Thermoplast Polyurethan (TPU) und Polycarbonat (PC) Material<br \/>\n\u2022 Solide Polycarbonat-R\u00fcckseite<br \/>\n\u2022 0,5 mm angehobene Blende<br \/>\n\u2022 Durchsichtige Seiten<br \/>\n\u2022 Kabelloses Aufladen m\u00f6glich<br \/>\n\u2022 Leichtes Anbringen und Abnehmen<\/p>\n","protected":false},"excerpt":{"rendered":"<p>Diese d\u00fcnne Samsung-H\u00fclle sch\u00fctzt dein Handy vor Kratzern, Staub, \u00d6l und Schmutz. Sie hat eine solide R\u00fcckseite und flexible Seiten, die durch pr\u00e4zise geschnittenen \u00d6ffnungen und Aussparungen das Ein- und Ausschalten erleichtern.. \u2022 Hybrid Thermoplast Polyurethan (TPU) und Polycarbonat (PC) Material \u2022 Solide Polycarbonat-R\u00fcckseite \u2022 0,5 mm angehobene Blende \u2022 Durchsichtige Seiten \u2022 Kabelloses Aufladen&#8230;<\/p>\n","protected":false},"featured_media":2774,"comment_status":"open","ping_status":"closed","template":"","meta":{"inline_featured_image":false,"pgc_sgb_lightbox_settings":""},"product_brand":[],"product_cat":[236],"product_tag":[230,239,240,241,242],"class_list":{"0":"post-2760","1":"product","2":"type-product","3":"status-publish","4":"has-post-thumbnail","6":"product_cat-samsung","7":"product_tag-halle-saale","8":"product_tag-iphone-huelle","9":"product_tag-handyhuelle-halle","10":"product_tag-halle","11":"product_tag-marktkirche","13":"first","14":"instock","15":"taxable","16":"shipping-taxable","17":"purchasable","18":"product-type-variable"},"_links":{"self":[{"href":"https:\/\/esmero.de\/en\/wp-json\/wp\/v2\/product\/2760","targetHints":{"allow":["GET"]}}],"collection":[{"href":"https:\/\/esmero.de\/en\/wp-json\/wp\/v2\/product"}],"about":[{"href":"https:\/\/esmero.de\/en\/wp-json\/wp\/v2\/types\/product"}],"replies":[{"embeddable":true,"href":"https:\/\/esmero.de\/en\/wp-json\/wp\/v2\/comments?post=2760"}],"wp:featuredmedia":[{"embeddable":true,"href":"https:\/\/esmero.de\/en\/wp-json\/wp\/v2\/media\/2774"}],"wp:attachment":[{"href":"https:\/\/esmero.de\/en\/wp-json\/wp\/v2\/media?parent=2760"}],"wp:term":[{"taxonomy":"product_brand","embeddable":true,"href":"https:\/\/esmero.de\/en\/wp-json\/wp\/v2\/product_brand?post=2760"},{"taxonomy":"product_cat","embeddable":true,"href":"https:\/\/esmero.de\/en\/wp-json\/wp\/v2\/product_cat?post=2760"},{"taxonomy":"product_tag","embeddable":true,"href":"https:\/\/esmero.de\/en\/wp-json\/wp\/v2\/product_tag?post=2760"}],"curies":[{"name":"wp","href":"https:\/\/api.w.org\/{rel}","templated":true}]}}